{"id":15066,"date":"2026-04-13T15:25:09","date_gmt":"2026-04-13T15:25:09","guid":{"rendered":"https:\/\/muntime.muninfor.com\/index.php\/plataforma\/"},"modified":"2026-04-13T15:41:29","modified_gmt":"2026-04-13T15:41:29","slug":"plataforma","status":"publish","type":"page","link":"https:\/\/muntime.muninfor.com\/index.php\/plataforma\/","title":{"rendered":"Plataforma"},"content":{"rendered":"\t\t<div data-elementor-type=\"wp-page\" data-elementor-id=\"15066\" class=\"elementor elementor-15066\">\n\t\t\t\t<div class=\"elementor-element elementor-element-67866c4 e-con-boxed e-flex e-con e-parent\" data-id=\"67866c4\" data-element_type=\"container\" data-e-type=\"container\">\n\t\t\t\t\t<div class=\"e-con-inner\">\n\t\t\t\t<div class=\"elementor-element elementor-element-712ffb1 elementor-widget elementor-widget-text-editor\" data-id=\"712ffb1\" data-element_type=\"widget\" data-e-type=\"widget\" data-widget_type=\"text-editor.default\">\n\t\t\t\t\t\t\t\t\t<span style=\"font-size:14px;color:#64748b;\">Inicio \/ Plataforma<\/span>\t\t\t\t\t\t\t\t<\/div>\n\t\t\t\t<div class=\"elementor-element elementor-element-0a497bf elementor-widget elementor-widget-heading\" data-id=\"0a497bf\" data-element_type=\"widget\" data-e-type=\"widget\" data-widget_type=\"heading.default\">\n\t\t\t\t\t<h1 class=\"elementor-heading-title elementor-size-default\">La plataforma integral para controlar la jornada y organizar la gesti\u00f3n del empleado<\/h1>\t\t\t\t<\/div>\n\t\t\t\t<div class=\"elementor-element elementor-element-5374e1d elementor-widget elementor-widget-text-editor\" data-id=\"5374e1d\" data-element_type=\"widget\" data-e-type=\"widget\" data-widget_type=\"text-editor.default\">\n\t\t\t\t\t\t\t\t\t<p style=\"font-size:20px;line-height:1.72;color:#475569;\">MUNTIME re\u00fane en un \u00fanico entorno el control horario, la gesti\u00f3n de vacaciones y solicitudes, la documentaci\u00f3n del personal y el seguimiento operativo de la empresa.<\/p>\t\t\t\t\t\t\t\t<\/div>\n\t\t<div class=\"elementor-element elementor-element-b9ac61a e-con-full e-flex e-con e-parent\" data-id=\"b9ac61a\" data-element_type=\"container\" data-e-type=\"container\">\n\t\t<div class=\"elementor-element elementor-element-f1579a2 e-con-full e-flex e-con e-parent\" data-id=\"f1579a2\" data-element_type=\"container\" data-e-type=\"container\" data-settings=\"{&quot;background_background&quot;:&quot;classic&quot;}\">\n\t\t\t\t<div class=\"elementor-element elementor-element-dd7c472 elementor-widget elementor-widget-heading\" data-id=\"dd7c472\" data-element_type=\"widget\" data-e-type=\"widget\" data-widget_type=\"heading.default\">\n\t\t\t\t\t<h2 class=\"elementor-heading-title elementor-size-default\">24\/7<\/h2>\t\t\t\t<\/div>\n\t\t\t\t<div class=\"elementor-element elementor-element-b8766f3 elementor-widget elementor-widget-text-editor\" data-id=\"b8766f3\" data-element_type=\"widget\" data-e-type=\"widget\" data-widget_type=\"text-editor.default\">\n\t\t\t\t\t\t\t\t\t<p>Control horario<\/p>\t\t\t\t\t\t\t\t<\/div>\n\t\t\t\t<\/div>\n\t\t<div class=\"elementor-element elementor-element-ec8ae4b e-con-full e-flex e-con e-parent\" data-id=\"ec8ae4b\" data-element_type=\"container\" data-e-type=\"container\" data-settings=\"{&quot;background_background&quot;:&quot;classic&quot;}\">\n\t\t\t\t<div class=\"elementor-element elementor-element-dcfc821 elementor-widget elementor-widget-heading\" data-id=\"dcfc821\" data-element_type=\"widget\" data-e-type=\"widget\" data-widget_type=\"heading.default\">\n\t\t\t\t\t<h2 class=\"elementor-heading-title elementor-size-default\">1<\/h2>\t\t\t\t<\/div>\n\t\t\t\t<div class=\"elementor-element elementor-element-34c1beb elementor-widget elementor-widget-text-editor\" data-id=\"34c1beb\" data-element_type=\"widget\" data-e-type=\"widget\" data-widget_type=\"text-editor.default\">\n\t\t\t\t\t\t\t\t\t<p>Portal centralizado<\/p>\t\t\t\t\t\t\t\t<\/div>\n\t\t\t\t<\/div>\n\t\t<div class=\"elementor-element elementor-element-79af2dc e-con-full e-flex e-con e-parent\" data-id=\"79af2dc\" data-element_type=\"container\" data-e-type=\"container\" data-settings=\"{&quot;background_background&quot;:&quot;classic&quot;}\">\n\t\t\t\t<div class=\"elementor-element elementor-element-8b79ec5 elementor-widget elementor-widget-heading\" data-id=\"8b79ec5\" data-element_type=\"widget\" data-e-type=\"widget\" data-widget_type=\"heading.default\">\n\t\t\t\t\t<h2 class=\"elementor-heading-title elementor-size-default\">+3<\/h2>\t\t\t\t<\/div>\n\t\t\t\t<div class=\"elementor-element elementor-element-b1412fc elementor-widget elementor-widget-text-editor\" data-id=\"b1412fc\" data-element_type=\"widget\" data-e-type=\"widget\" data-widget_type=\"text-editor.default\">\n\t\t\t\t\t\t\t\t\t<p>Clientes, proyectos y gastos<\/p>\t\t\t\t\t\t\t\t<\/div>\n\t\t\t\t<\/div>\n\t\t\t\t<\/div>\n\t\t\t\t\t<\/div>\n\t\t\t\t<\/div>\n\t\t<div class=\"elementor-element elementor-element-aab7cf4 e-con-boxed e-flex e-con e-parent\" data-id=\"aab7cf4\" data-element_type=\"container\" data-e-type=\"container\">\n\t\t\t\t\t<div class=\"e-con-inner\">\n\t\t\t\t<div class=\"elementor-element elementor-element-30c5a2b elementor-view-default elementor-position-block-start elementor-mobile-position-block-start elementor-widget elementor-widget-icon-box\" data-id=\"30c5a2b\" data-element_type=\"widget\" data-e-type=\"widget\" data-widget_type=\"icon-box.default\">\n\t\t\t\t\t\t\t<div class=\"elementor-icon-box-wrapper\">\n\n\t\t\t\t\t\t<div class=\"elementor-icon-box-icon\">\n\t\t\t\t<span  class=\"elementor-icon\">\n\t\t\t\t<svg aria-hidden=\"true\" class=\"e-font-icon-svg e-fas-clock\" viewBox=\"0 0 512 512\" xmlns=\"http:\/\/www.w3.org\/2000\/svg\"><path d=\"M256,8C119,8,8,119,8,256S119,504,256,504,504,393,504,256,393,8,256,8Zm92.49,313h0l-20,25a16,16,0,0,1-22.49,2.5h0l-67-49.72a40,40,0,0,1-15-31.23V112a16,16,0,0,1,16-16h32a16,16,0,0,1,16,16V256l58,42.5A16,16,0,0,1,348.49,321Z\"><\/path><\/svg>\t\t\t\t<\/span>\n\t\t\t<\/div>\n\t\t\t\n\t\t\t\t\t\t<div class=\"elementor-icon-box-content\">\n\n\t\t\t\t\t\t\t\t\t<h3 class=\"elementor-icon-box-title\">\n\t\t\t\t\t\t<span  >\n\t\t\t\t\t\t\tControl horario\t\t\t\t\t\t<\/span>\n\t\t\t\t\t<\/h3>\n\t\t\t\t\n\t\t\t\t\t\t\t\t\t<p class=\"elementor-icon-box-description\">\n\t\t\t\t\t\tRegistra, supervisa y analiza la jornada laboral mediante fichajes, paneles y reportes claros.\t\t\t\t\t<\/p>\n\t\t\t\t\n\t\t\t<\/div>\n\t\t\t\n\t\t<\/div>\n\t\t\t\t\t\t<\/div>\n\t\t\t\t<div class=\"elementor-element elementor-element-40add44 elementor-view-default elementor-position-block-start elementor-mobile-position-block-start elementor-widget elementor-widget-icon-box\" data-id=\"40add44\" data-element_type=\"widget\" data-e-type=\"widget\" data-widget_type=\"icon-box.default\">\n\t\t\t\t\t\t\t<div class=\"elementor-icon-box-wrapper\">\n\n\t\t\t\t\t\t<div class=\"elementor-icon-box-icon\">\n\t\t\t\t<span  class=\"elementor-icon\">\n\t\t\t\t<svg aria-hidden=\"true\" class=\"e-font-icon-svg e-fas-user\" viewBox=\"0 0 448 512\" xmlns=\"http:\/\/www.w3.org\/2000\/svg\"><path d=\"M224 256c70.7 0 128-57.3 128-128S294.7 0 224 0 96 57.3 96 128s57.3 128 128 128zm89.6 32h-16.7c-22.2 10.2-46.9 16-72.9 16s-50.6-5.8-72.9-16h-16.7C60.2 288 0 348.2 0 422.4V464c0 26.5 21.5 48 48 48h352c26.5 0 48-21.5 48-48v-41.6c0-74.2-60.2-134.4-134.4-134.4z\"><\/path><\/svg>\t\t\t\t<\/span>\n\t\t\t<\/div>\n\t\t\t\n\t\t\t\t\t\t<div class=\"elementor-icon-box-content\">\n\n\t\t\t\t\t\t\t\t\t<h3 class=\"elementor-icon-box-title\">\n\t\t\t\t\t\t<span  >\n\t\t\t\t\t\t\tGesti\u00f3n del empleado\t\t\t\t\t\t<\/span>\n\t\t\t\t\t<\/h3>\n\t\t\t\t\n\t\t\t\t\t\t\t\t\t<p class=\"elementor-icon-box-description\">\n\t\t\t\t\t\tFacilita la relaci\u00f3n entre empresa y trabajador con portal del empleado, solicitudes, vacaciones y documentos.\t\t\t\t\t<\/p>\n\t\t\t\t\n\t\t\t<\/div>\n\t\t\t\n\t\t<\/div>\n\t\t\t\t\t\t<\/div>\n\t\t\t\t<div class=\"elementor-element elementor-element-c7e2fb7 elementor-view-default elementor-position-block-start elementor-mobile-position-block-start elementor-widget elementor-widget-icon-box\" data-id=\"c7e2fb7\" data-element_type=\"widget\" data-e-type=\"widget\" data-widget_type=\"icon-box.default\">\n\t\t\t\t\t\t\t<div class=\"elementor-icon-box-wrapper\">\n\n\t\t\t\t\t\t<div class=\"elementor-icon-box-icon\">\n\t\t\t\t<span  class=\"elementor-icon\">\n\t\t\t\t<svg aria-hidden=\"true\" class=\"e-font-icon-svg e-fas-building\" viewBox=\"0 0 448 512\" xmlns=\"http:\/\/www.w3.org\/2000\/svg\"><path d=\"M436 480h-20V24c0-13.255-10.745-24-24-24H56C42.745 0 32 10.745 32 24v456H12c-6.627 0-12 5.373-12 12v20h448v-20c0-6.627-5.373-12-12-12zM128 76c0-6.627 5.373-12 12-12h40c6.627 0 12 5.373 12 12v40c0 6.627-5.373 12-12 12h-40c-6.627 0-12-5.373-12-12V76zm0 96c0-6.627 5.373-12 12-12h40c6.627 0 12 5.373 12 12v40c0 6.627-5.373 12-12 12h-40c-6.627 0-12-5.373-12-12v-40zm52 148h-40c-6.627 0-12-5.373-12-12v-40c0-6.627 5.373-12 12-12h40c6.627 0 12 5.373 12 12v40c0 6.627-5.373 12-12 12zm76 160h-64v-84c0-6.627 5.373-12 12-12h40c6.627 0 12 5.373 12 12v84zm64-172c0 6.627-5.373 12-12 12h-40c-6.627 0-12-5.373-12-12v-40c0-6.627 5.373-12 12-12h40c6.627 0 12 5.373 12 12v40zm0-96c0 6.627-5.373 12-12 12h-40c-6.627 0-12-5.373-12-12v-40c0-6.627 5.373-12 12-12h40c6.627 0 12 5.373 12 12v40zm0-96c0 6.627-5.373 12-12 12h-40c-6.627 0-12-5.373-12-12V76c0-6.627 5.373-12 12-12h40c6.627 0 12 5.373 12 12v40z\"><\/path><\/svg>\t\t\t\t<\/span>\n\t\t\t<\/div>\n\t\t\t\n\t\t\t\t\t\t<div class=\"elementor-icon-box-content\">\n\n\t\t\t\t\t\t\t\t\t<h3 class=\"elementor-icon-box-title\">\n\t\t\t\t\t\t<span  >\n\t\t\t\t\t\t\tGesti\u00f3n operativa\t\t\t\t\t\t<\/span>\n\t\t\t\t\t<\/h3>\n\t\t\t\t\n\t\t\t\t\t\t\t\t\t<p class=\"elementor-icon-box-description\">\n\t\t\t\t\t\tApoya la actividad interna con clientes, proyectos y gastos vinculados al trabajo diario.\t\t\t\t\t<\/p>\n\t\t\t\t\n\t\t\t<\/div>\n\t\t\t\n\t\t<\/div>\n\t\t\t\t\t\t<\/div>\n\t\t\t\t\t<\/div>\n\t\t\t\t<\/div>\n\t\t\t\t<\/div>\n\t\t","protected":false},"excerpt":{"rendered":"<p>Inicio \/ Plataforma La plataforma integral para controlar la jornada y organizar la gesti\u00f3n del empleado MUNTIME re\u00fane en un \u00fanico entorno el control horario, la gesti\u00f3n de vacaciones y solicitudes, la documentaci\u00f3n del personal y el seguimiento operativo de la empresa. 24\/7 Control horario 1 Portal centralizado +3 Clientes, proyectos y gastos \u23f1 Control [&hellip;]<\/p>\n","protected":false},"author":1,"featured_media":0,"parent":0,"menu_order":0,"comment_status":"closed","ping_status":"closed","template":"template-plataforma.php","meta":{"footnotes":""},"class_list":["post-15066","page","type-page","status-publish","hentry"],"yoast_head":"<!-- This site is optimized with the Yoast SEO plugin v27.3 - https:\/\/yoast.com\/product\/yoast-seo-wordpress\/ -->\n<title>Plataforma - Muntime<\/title>\n<meta name=\"robots\" content=\"index, follow, max-snippet:-1, max-image-preview:large, max-video-preview:-1\" \/>\n<link rel=\"canonical\" href=\"https:\/\/muntime.muninfor.com\/index.php\/plataforma\/\" \/>\n<meta property=\"og:locale\" content=\"es_ES\" \/>\n<meta property=\"og:type\" content=\"article\" \/>\n<meta property=\"og:title\" content=\"Plataforma - Muntime\" \/>\n<meta property=\"og:description\" content=\"Inicio \/ Plataforma La plataforma integral para controlar la jornada y organizar la gesti\u00f3n del empleado MUNTIME re\u00fane en un \u00fanico entorno el control horario, la gesti\u00f3n de vacaciones y solicitudes, la documentaci\u00f3n del personal y el seguimiento operativo de la empresa. 24\/7 Control horario 1 Portal centralizado +3 Clientes, proyectos y gastos \u23f1 Control [&hellip;]\" \/>\n<meta property=\"og:url\" content=\"https:\/\/muntime.muninfor.com\/index.php\/plataforma\/\" \/>\n<meta property=\"og:site_name\" content=\"Muntime\" \/>\n<meta property=\"article:modified_time\" content=\"2026-04-13T15:41:29+00:00\" \/>\n<meta name=\"twitter:card\" content=\"summary_large_image\" \/>\n<script type=\"application\/ld+json\" class=\"yoast-schema-graph\">{\"@context\":\"https:\\\/\\\/schema.org\",\"@graph\":[{\"@type\":\"WebPage\",\"@id\":\"https:\\\/\\\/muntime.muninfor.com\\\/index.php\\\/plataforma\\\/\",\"url\":\"https:\\\/\\\/muntime.muninfor.com\\\/index.php\\\/plataforma\\\/\",\"name\":\"Plataforma - Muntime\",\"isPartOf\":{\"@id\":\"https:\\\/\\\/muntime.muninfor.com\\\/#website\"},\"datePublished\":\"2026-04-13T15:25:09+00:00\",\"dateModified\":\"2026-04-13T15:41:29+00:00\",\"breadcrumb\":{\"@id\":\"https:\\\/\\\/muntime.muninfor.com\\\/index.php\\\/plataforma\\\/#breadcrumb\"},\"inLanguage\":\"es\",\"potentialAction\":[{\"@type\":\"ReadAction\",\"target\":[\"https:\\\/\\\/muntime.muninfor.com\\\/index.php\\\/plataforma\\\/\"]}]},{\"@type\":\"BreadcrumbList\",\"@id\":\"https:\\\/\\\/muntime.muninfor.com\\\/index.php\\\/plataforma\\\/#breadcrumb\",\"itemListElement\":[{\"@type\":\"ListItem\",\"position\":1,\"name\":\"Portada\",\"item\":\"https:\\\/\\\/muntime.muninfor.com\\\/\"},{\"@type\":\"ListItem\",\"position\":2,\"name\":\"Plataforma\"}]},{\"@type\":\"WebSite\",\"@id\":\"https:\\\/\\\/muntime.muninfor.com\\\/#website\",\"url\":\"https:\\\/\\\/muntime.muninfor.com\\\/\",\"name\":\"Muntime\",\"description\":\"\",\"potentialAction\":[{\"@type\":\"SearchAction\",\"target\":{\"@type\":\"EntryPoint\",\"urlTemplate\":\"https:\\\/\\\/muntime.muninfor.com\\\/?s={search_term_string}\"},\"query-input\":{\"@type\":\"PropertyValueSpecification\",\"valueRequired\":true,\"valueName\":\"search_term_string\"}}],\"inLanguage\":\"es\"}]}<\/script>\n<!-- \/ Yoast SEO plugin. -->","yoast_head_json":{"title":"Plataforma - Muntime","robots":{"index":"index","follow":"follow","max-snippet":"max-snippet:-1","max-image-preview":"max-image-preview:large","max-video-preview":"max-video-preview:-1"},"canonical":"https:\/\/muntime.muninfor.com\/index.php\/plataforma\/","og_locale":"es_ES","og_type":"article","og_title":"Plataforma - Muntime","og_description":"Inicio \/ Plataforma La plataforma integral para controlar la jornada y organizar la gesti\u00f3n del empleado MUNTIME re\u00fane en un \u00fanico entorno el control horario, la gesti\u00f3n de vacaciones y solicitudes, la documentaci\u00f3n del personal y el seguimiento operativo de la empresa. 24\/7 Control horario 1 Portal centralizado +3 Clientes, proyectos y gastos \u23f1 Control [&hellip;]","og_url":"https:\/\/muntime.muninfor.com\/index.php\/plataforma\/","og_site_name":"Muntime","article_modified_time":"2026-04-13T15:41:29+00:00","twitter_card":"summary_large_image","schema":{"@context":"https:\/\/schema.org","@graph":[{"@type":"WebPage","@id":"https:\/\/muntime.muninfor.com\/index.php\/plataforma\/","url":"https:\/\/muntime.muninfor.com\/index.php\/plataforma\/","name":"Plataforma - Muntime","isPartOf":{"@id":"https:\/\/muntime.muninfor.com\/#website"},"datePublished":"2026-04-13T15:25:09+00:00","dateModified":"2026-04-13T15:41:29+00:00","breadcrumb":{"@id":"https:\/\/muntime.muninfor.com\/index.php\/plataforma\/#breadcrumb"},"inLanguage":"es","potentialAction":[{"@type":"ReadAction","target":["https:\/\/muntime.muninfor.com\/index.php\/plataforma\/"]}]},{"@type":"BreadcrumbList","@id":"https:\/\/muntime.muninfor.com\/index.php\/plataforma\/#breadcrumb","itemListElement":[{"@type":"ListItem","position":1,"name":"Portada","item":"https:\/\/muntime.muninfor.com\/"},{"@type":"ListItem","position":2,"name":"Plataforma"}]},{"@type":"WebSite","@id":"https:\/\/muntime.muninfor.com\/#website","url":"https:\/\/muntime.muninfor.com\/","name":"Muntime","description":"","potentialAction":[{"@type":"SearchAction","target":{"@type":"EntryPoint","urlTemplate":"https:\/\/muntime.muninfor.com\/?s={search_term_string}"},"query-input":{"@type":"PropertyValueSpecification","valueRequired":true,"valueName":"search_term_string"}}],"inLanguage":"es"}]}},"_links":{"self":[{"href":"https:\/\/muntime.muninfor.com\/index.php\/wp-json\/wp\/v2\/pages\/15066","targetHints":{"allow":["GET"]}}],"collection":[{"href":"https:\/\/muntime.muninfor.com\/index.php\/wp-json\/wp\/v2\/pages"}],"about":[{"href":"https:\/\/muntime.muninfor.com\/index.php\/wp-json\/wp\/v2\/types\/page"}],"author":[{"embeddable":true,"href":"https:\/\/muntime.muninfor.com\/index.php\/wp-json\/wp\/v2\/users\/1"}],"replies":[{"embeddable":true,"href":"https:\/\/muntime.muninfor.com\/index.php\/wp-json\/wp\/v2\/comments?post=15066"}],"version-history":[{"count":2,"href":"https:\/\/muntime.muninfor.com\/index.php\/wp-json\/wp\/v2\/pages\/15066\/revisions"}],"predecessor-version":[{"id":15101,"href":"https:\/\/muntime.muninfor.com\/index.php\/wp-json\/wp\/v2\/pages\/15066\/revisions\/15101"}],"wp:attachment":[{"href":"https:\/\/muntime.muninfor.com\/index.php\/wp-json\/wp\/v2\/media?parent=15066"}],"curies":[{"name":"wp","href":"https:\/\/api.w.org\/{rel}","templated":true}]}}