{"id":15070,"date":"2026-04-13T15:25:09","date_gmt":"2026-04-13T15:25:09","guid":{"rendered":"https:\/\/muntime.muninfor.com\/index.php\/tarifas\/"},"modified":"2026-04-13T15:41:29","modified_gmt":"2026-04-13T15:41:29","slug":"tarifas","status":"publish","type":"page","link":"https:\/\/muntime.muninfor.com\/index.php\/tarifas\/","title":{"rendered":"Tarifas"},"content":{"rendered":"\t\t<div data-elementor-type=\"wp-page\" data-elementor-id=\"15070\" class=\"elementor elementor-15070\">\n\t\t\t\t<div class=\"elementor-element elementor-element-1d44407 e-con-boxed e-flex e-con e-parent\" data-id=\"1d44407\" data-element_type=\"container\" data-e-type=\"container\">\n\t\t\t\t\t<div class=\"e-con-inner\">\n\t\t\t\t<div class=\"elementor-element elementor-element-c617069 elementor-widget elementor-widget-text-editor\" data-id=\"c617069\" data-element_type=\"widget\" data-e-type=\"widget\" data-widget_type=\"text-editor.default\">\n\t\t\t\t\t\t\t\t\t<span style=\"font-size:14px;color:#64748b;\">Inicio \/ Tarifas<\/span>\t\t\t\t\t\t\t\t<\/div>\n\t\t\t\t<div class=\"elementor-element elementor-element-9526473 elementor-widget elementor-widget-heading\" data-id=\"9526473\" data-element_type=\"widget\" data-e-type=\"widget\" data-widget_type=\"heading.default\">\n\t\t\t\t\t<h1 class=\"elementor-heading-title elementor-size-default\">Planes pensados para adaptarse a la evoluci\u00f3n de tu empresa<\/h1>\t\t\t\t<\/div>\n\t\t\t\t<div class=\"elementor-element elementor-element-b0c05f1 elementor-widget elementor-widget-text-editor\" data-id=\"b0c05f1\" data-element_type=\"widget\" data-e-type=\"widget\" data-widget_type=\"text-editor.default\">\n\t\t\t\t\t\t\t\t\t<p style=\"font-size:20px;line-height:1.72;color:#475569;\">Elige la opci\u00f3n que mejor encaje con el tama\u00f1o de tu equipo, el nivel de funcionalidades que necesitas y el grado de acompa\u00f1amiento que deseas.<\/p>\t\t\t\t\t\t\t\t<\/div>\n\t\t\t\t\t<\/div>\n\t\t\t\t<\/div>\n\t\t<div class=\"elementor-element elementor-element-f7c48a7 e-con-boxed e-flex e-con e-parent\" data-id=\"f7c48a7\" data-element_type=\"container\" data-e-type=\"container\">\n\t\t\t\t\t<div class=\"e-con-inner\">\n\t\t<div class=\"elementor-element elementor-element-45506af e-con-full e-flex e-con e-parent\" data-id=\"45506af\" data-element_type=\"container\" data-e-type=\"container\" data-settings=\"{&quot;background_background&quot;:&quot;classic&quot;}\">\n\t\t\t\t<div class=\"elementor-element elementor-element-da567b8 elementor-widget elementor-widget-heading\" data-id=\"da567b8\" data-element_type=\"widget\" data-e-type=\"widget\" data-widget_type=\"heading.default\">\n\t\t\t\t\t<h3 class=\"elementor-heading-title elementor-size-default\">Essential<\/h3>\t\t\t\t<\/div>\n\t\t\t\t<div class=\"elementor-element elementor-element-c77651d elementor-widget elementor-widget-text-editor\" data-id=\"c77651d\" data-element_type=\"widget\" data-e-type=\"widget\" data-widget_type=\"text-editor.default\">\n\t\t\t\t\t\t\t\t\t<p style=\"color:#475569;\">Para empresas que buscan una soluci\u00f3n clara y profesional para el control horario y la gesti\u00f3n b\u00e1sica del empleado.<\/p>\t\t\t\t\t\t\t\t<\/div>\n\t\t\t\t<div class=\"elementor-element elementor-element-1a97b08 elementor-button-default elementor-widget elementor-widget-button\" data-id=\"1a97b08\" data-element_type=\"widget\" data-e-type=\"widget\" data-widget_type=\"button.default\">\n\t\t\t\t\t\t\t\t\t\t<a class=\"elementor-button elementor-button-link elementor-size-sm\" href=\"\/contacto\/\">\n\t\t\t\t\t\t<span class=\"elementor-button-content-wrapper\">\n\t\t\t\t\t\t\t\t\t<span class=\"elementor-button-text\">Solicitar info<\/span>\n\t\t\t\t\t<\/span>\n\t\t\t\t\t<\/a>\n\t\t\t\t\t\t\t\t<\/div>\n\t\t\t\t<\/div>\n\t\t<div class=\"elementor-element elementor-element-f0423d4 e-con-full e-flex e-con e-parent\" data-id=\"f0423d4\" data-element_type=\"container\" data-e-type=\"container\" data-settings=\"{&quot;background_background&quot;:&quot;classic&quot;}\">\n\t\t\t\t<div class=\"elementor-element elementor-element-b26f3d5 elementor-widget elementor-widget-text-editor\" data-id=\"b26f3d5\" data-element_type=\"widget\" data-e-type=\"widget\" data-widget_type=\"text-editor.default\">\n\t\t\t\t\t\t\t\t\t<span style=\"display:inline-block;padding:8px 12px;border-radius:999px;background:#eff6ff;color:#1d4ed8;border:1px solid #bfdbfe;font-size:12px;font-weight:800;\">Recomendado<\/span>\t\t\t\t\t\t\t\t<\/div>\n\t\t\t\t<div class=\"elementor-element elementor-element-fb41463 elementor-widget elementor-widget-heading\" data-id=\"fb41463\" data-element_type=\"widget\" data-e-type=\"widget\" data-widget_type=\"heading.default\">\n\t\t\t\t\t<h3 class=\"elementor-heading-title elementor-size-default\">Business<\/h3>\t\t\t\t<\/div>\n\t\t\t\t<div class=\"elementor-element elementor-element-1b33be8 elementor-widget elementor-widget-text-editor\" data-id=\"1b33be8\" data-element_type=\"widget\" data-e-type=\"widget\" data-widget_type=\"text-editor.default\">\n\t\t\t\t\t\t\t\t\t<p style=\"color:#475569;\">Para organizaciones que necesitan m\u00e1s funcionalidades, mayor centralizaci\u00f3n y apoyo operativo en su d\u00eda a d\u00eda.<\/p>\t\t\t\t\t\t\t\t<\/div>\n\t\t\t\t<div class=\"elementor-element elementor-element-488b7a0 elementor-button-default elementor-widget elementor-widget-button\" data-id=\"488b7a0\" data-element_type=\"widget\" data-e-type=\"widget\" data-widget_type=\"button.default\">\n\t\t\t\t\t\t\t\t\t\t<a class=\"elementor-button elementor-button-link elementor-size-sm\" href=\"\/contacto\/\">\n\t\t\t\t\t\t<span class=\"elementor-button-content-wrapper\">\n\t\t\t\t\t\t\t\t\t<span class=\"elementor-button-text\">Solicitar info<\/span>\n\t\t\t\t\t<\/span>\n\t\t\t\t\t<\/a>\n\t\t\t\t\t\t\t\t<\/div>\n\t\t\t\t<\/div>\n\t\t<div class=\"elementor-element elementor-element-a8ff9dd e-con-full e-flex e-con e-parent\" data-id=\"a8ff9dd\" data-element_type=\"container\" data-e-type=\"container\" data-settings=\"{&quot;background_background&quot;:&quot;classic&quot;}\">\n\t\t\t\t<div class=\"elementor-element elementor-element-2f152ab elementor-widget elementor-widget-heading\" data-id=\"2f152ab\" data-element_type=\"widget\" data-e-type=\"widget\" data-widget_type=\"heading.default\">\n\t\t\t\t\t<h3 class=\"elementor-heading-title elementor-size-default\">Enterprise<\/h3>\t\t\t\t<\/div>\n\t\t\t\t<div class=\"elementor-element elementor-element-9349716 elementor-widget elementor-widget-text-editor\" data-id=\"9349716\" data-element_type=\"widget\" data-e-type=\"widget\" data-widget_type=\"text-editor.default\">\n\t\t\t\t\t\t\t\t\t<p style=\"color:#475569;\">Para empresas que requieren una soluci\u00f3n m\u00e1s avanzada, acompa\u00f1amiento personalizado y una implantaci\u00f3n m\u00e1s completa.<\/p>\t\t\t\t\t\t\t\t<\/div>\n\t\t\t\t<div class=\"elementor-element elementor-element-01f23b7 elementor-button-default elementor-widget elementor-widget-button\" data-id=\"01f23b7\" data-element_type=\"widget\" data-e-type=\"widget\" data-widget_type=\"button.default\">\n\t\t\t\t\t\t\t\t\t\t<a class=\"elementor-button elementor-button-link elementor-size-sm\" href=\"\/contacto\/\">\n\t\t\t\t\t\t<span class=\"elementor-button-content-wrapper\">\n\t\t\t\t\t\t\t\t\t<span class=\"elementor-button-text\">Solicitar info<\/span>\n\t\t\t\t\t<\/span>\n\t\t\t\t\t<\/a>\n\t\t\t\t\t\t\t\t<\/div>\n\t\t\t\t<\/div>\n\t\t\t\t\t<\/div>\n\t\t\t\t<\/div>\n\t\t\t\t<\/div>\n\t\t","protected":false},"excerpt":{"rendered":"<p>Inicio \/ Tarifas Planes pensados para adaptarse a la evoluci\u00f3n de tu empresa Elige la opci\u00f3n que mejor encaje con el tama\u00f1o de tu equipo, el nivel de funcionalidades que necesitas y el grado de acompa\u00f1amiento que deseas. Essential Para empresas que buscan una soluci\u00f3n clara y profesional para el control horario y la gesti\u00f3n [&hellip;]<\/p>\n","protected":false},"author":1,"featured_media":0,"parent":0,"menu_order":0,"comment_status":"closed","ping_status":"closed","template":"template-tarifas.php","meta":{"footnotes":""},"class_list":["post-15070","page","type-page","status-publish","hentry"],"yoast_head":"<!-- This site is optimized with the Yoast SEO plugin v27.3 - https:\/\/yoast.com\/product\/yoast-seo-wordpress\/ -->\n<title>Tarifas - Muntime<\/title>\n<meta name=\"robots\" content=\"index, follow, max-snippet:-1, max-image-preview:large, max-video-preview:-1\" \/>\n<link rel=\"canonical\" href=\"https:\/\/muntime.muninfor.com\/index.php\/tarifas\/\" \/>\n<meta property=\"og:locale\" content=\"es_ES\" \/>\n<meta property=\"og:type\" content=\"article\" \/>\n<meta property=\"og:title\" content=\"Tarifas - Muntime\" \/>\n<meta property=\"og:description\" content=\"Inicio \/ Tarifas Planes pensados para adaptarse a la evoluci\u00f3n de tu empresa Elige la opci\u00f3n que mejor encaje con el tama\u00f1o de tu equipo, el nivel de funcionalidades que necesitas y el grado de acompa\u00f1amiento que deseas. Essential Para empresas que buscan una soluci\u00f3n clara y profesional para el control horario y la gesti\u00f3n [&hellip;]\" \/>\n<meta property=\"og:url\" content=\"https:\/\/muntime.muninfor.com\/index.php\/tarifas\/\" \/>\n<meta property=\"og:site_name\" content=\"Muntime\" \/>\n<meta property=\"article:modified_time\" content=\"2026-04-13T15:41:29+00:00\" \/>\n<meta name=\"twitter:card\" content=\"summary_large_image\" \/>\n<meta name=\"twitter:label1\" content=\"Tiempo de lectura\" \/>\n\t<meta name=\"twitter:data1\" content=\"1 minuto\" \/>\n<script type=\"application\/ld+json\" class=\"yoast-schema-graph\">{\"@context\":\"https:\\\/\\\/schema.org\",\"@graph\":[{\"@type\":\"WebPage\",\"@id\":\"https:\\\/\\\/muntime.muninfor.com\\\/index.php\\\/tarifas\\\/\",\"url\":\"https:\\\/\\\/muntime.muninfor.com\\\/index.php\\\/tarifas\\\/\",\"name\":\"Tarifas - Muntime\",\"isPartOf\":{\"@id\":\"https:\\\/\\\/muntime.muninfor.com\\\/#website\"},\"datePublished\":\"2026-04-13T15:25:09+00:00\",\"dateModified\":\"2026-04-13T15:41:29+00:00\",\"breadcrumb\":{\"@id\":\"https:\\\/\\\/muntime.muninfor.com\\\/index.php\\\/tarifas\\\/#breadcrumb\"},\"inLanguage\":\"es\",\"potentialAction\":[{\"@type\":\"ReadAction\",\"target\":[\"https:\\\/\\\/muntime.muninfor.com\\\/index.php\\\/tarifas\\\/\"]}]},{\"@type\":\"BreadcrumbList\",\"@id\":\"https:\\\/\\\/muntime.muninfor.com\\\/index.php\\\/tarifas\\\/#breadcrumb\",\"itemListElement\":[{\"@type\":\"ListItem\",\"position\":1,\"name\":\"Portada\",\"item\":\"https:\\\/\\\/muntime.muninfor.com\\\/\"},{\"@type\":\"ListItem\",\"position\":2,\"name\":\"Tarifas\"}]},{\"@type\":\"WebSite\",\"@id\":\"https:\\\/\\\/muntime.muninfor.com\\\/#website\",\"url\":\"https:\\\/\\\/muntime.muninfor.com\\\/\",\"name\":\"Muntime\",\"description\":\"\",\"potentialAction\":[{\"@type\":\"SearchAction\",\"target\":{\"@type\":\"EntryPoint\",\"urlTemplate\":\"https:\\\/\\\/muntime.muninfor.com\\\/?s={search_term_string}\"},\"query-input\":{\"@type\":\"PropertyValueSpecification\",\"valueRequired\":true,\"valueName\":\"search_term_string\"}}],\"inLanguage\":\"es\"}]}<\/script>\n<!-- \/ Yoast SEO plugin. -->","yoast_head_json":{"title":"Tarifas - Muntime","robots":{"index":"index","follow":"follow","max-snippet":"max-snippet:-1","max-image-preview":"max-image-preview:large","max-video-preview":"max-video-preview:-1"},"canonical":"https:\/\/muntime.muninfor.com\/index.php\/tarifas\/","og_locale":"es_ES","og_type":"article","og_title":"Tarifas - Muntime","og_description":"Inicio \/ Tarifas Planes pensados para adaptarse a la evoluci\u00f3n de tu empresa Elige la opci\u00f3n que mejor encaje con el tama\u00f1o de tu equipo, el nivel de funcionalidades que necesitas y el grado de acompa\u00f1amiento que deseas. Essential Para empresas que buscan una soluci\u00f3n clara y profesional para el control horario y la gesti\u00f3n [&hellip;]","og_url":"https:\/\/muntime.muninfor.com\/index.php\/tarifas\/","og_site_name":"Muntime","article_modified_time":"2026-04-13T15:41:29+00:00","twitter_card":"summary_large_image","twitter_misc":{"Tiempo de lectura":"1 minuto"},"schema":{"@context":"https:\/\/schema.org","@graph":[{"@type":"WebPage","@id":"https:\/\/muntime.muninfor.com\/index.php\/tarifas\/","url":"https:\/\/muntime.muninfor.com\/index.php\/tarifas\/","name":"Tarifas - Muntime","isPartOf":{"@id":"https:\/\/muntime.muninfor.com\/#website"},"datePublished":"2026-04-13T15:25:09+00:00","dateModified":"2026-04-13T15:41:29+00:00","breadcrumb":{"@id":"https:\/\/muntime.muninfor.com\/index.php\/tarifas\/#breadcrumb"},"inLanguage":"es","potentialAction":[{"@type":"ReadAction","target":["https:\/\/muntime.muninfor.com\/index.php\/tarifas\/"]}]},{"@type":"BreadcrumbList","@id":"https:\/\/muntime.muninfor.com\/index.php\/tarifas\/#breadcrumb","itemListElement":[{"@type":"ListItem","position":1,"name":"Portada","item":"https:\/\/muntime.muninfor.com\/"},{"@type":"ListItem","position":2,"name":"Tarifas"}]},{"@type":"WebSite","@id":"https:\/\/muntime.muninfor.com\/#website","url":"https:\/\/muntime.muninfor.com\/","name":"Muntime","description":"","potentialAction":[{"@type":"SearchAction","target":{"@type":"EntryPoint","urlTemplate":"https:\/\/muntime.muninfor.com\/?s={search_term_string}"},"query-input":{"@type":"PropertyValueSpecification","valueRequired":true,"valueName":"search_term_string"}}],"inLanguage":"es"}]}},"_links":{"self":[{"href":"https:\/\/muntime.muninfor.com\/index.php\/wp-json\/wp\/v2\/pages\/15070","targetHints":{"allow":["GET"]}}],"collection":[{"href":"https:\/\/muntime.muninfor.com\/index.php\/wp-json\/wp\/v2\/pages"}],"about":[{"href":"https:\/\/muntime.muninfor.com\/index.php\/wp-json\/wp\/v2\/types\/page"}],"author":[{"embeddable":true,"href":"https:\/\/muntime.muninfor.com\/index.php\/wp-json\/wp\/v2\/users\/1"}],"replies":[{"embeddable":true,"href":"https:\/\/muntime.muninfor.com\/index.php\/wp-json\/wp\/v2\/comments?post=15070"}],"version-history":[{"count":1,"href":"https:\/\/muntime.muninfor.com\/index.php\/wp-json\/wp\/v2\/pages\/15070\/revisions"}],"predecessor-version":[{"id":15090,"href":"https:\/\/muntime.muninfor.com\/index.php\/wp-json\/wp\/v2\/pages\/15070\/revisions\/15090"}],"wp:attachment":[{"href":"https:\/\/muntime.muninfor.com\/index.php\/wp-json\/wp\/v2\/media?parent=15070"}],"curies":[{"name":"wp","href":"https:\/\/api.w.org\/{rel}","templated":true}]}}