{"id":15071,"date":"2026-04-13T15:25:09","date_gmt":"2026-04-13T15:25:09","guid":{"rendered":"https:\/\/muntime.muninfor.com\/index.php\/faq\/"},"modified":"2026-04-13T15:41:29","modified_gmt":"2026-04-13T15:41:29","slug":"faq","status":"publish","type":"page","link":"https:\/\/muntime.muninfor.com\/index.php\/faq\/","title":{"rendered":"FAQ"},"content":{"rendered":"\t\t<div data-elementor-type=\"wp-page\" data-elementor-id=\"15071\" class=\"elementor elementor-15071\">\n\t\t\t\t<div class=\"elementor-element elementor-element-9dc7181 e-con-boxed e-flex e-con e-parent\" data-id=\"9dc7181\" data-element_type=\"container\" data-e-type=\"container\">\n\t\t\t\t\t<div class=\"e-con-inner\">\n\t\t\t\t<div class=\"elementor-element elementor-element-88a7fc1 elementor-widget elementor-widget-text-editor\" data-id=\"88a7fc1\" data-element_type=\"widget\" data-e-type=\"widget\" data-widget_type=\"text-editor.default\">\n\t\t\t\t\t\t\t\t\t<span style=\"font-size:14px;color:#64748b;\">Inicio \/ FAQ<\/span>\t\t\t\t\t\t\t\t<\/div>\n\t\t\t\t<div class=\"elementor-element elementor-element-c968ede elementor-widget elementor-widget-heading\" data-id=\"c968ede\" data-element_type=\"widget\" data-e-type=\"widget\" data-widget_type=\"heading.default\">\n\t\t\t\t\t<h1 class=\"elementor-heading-title elementor-size-default\">Preguntas frecuentes<\/h1>\t\t\t\t<\/div>\n\t\t\t\t<div class=\"elementor-element elementor-element-98c5a17 elementor-widget elementor-widget-text-editor\" data-id=\"98c5a17\" data-element_type=\"widget\" data-e-type=\"widget\" data-widget_type=\"text-editor.default\">\n\t\t\t\t\t\t\t\t\t<p style=\"font-size:20px;line-height:1.72;color:#475569;\">Resolvemos las dudas m\u00e1s habituales para que puedas entender r\u00e1pidamente c\u00f3mo encaja MUNTIME en tu empresa.<\/p>\t\t\t\t\t\t\t\t<\/div>\n\t\t\t\t\t<\/div>\n\t\t\t\t<\/div>\n\t\t<div class=\"elementor-element elementor-element-f145a52 e-con-boxed e-flex e-con e-parent\" data-id=\"f145a52\" data-element_type=\"container\" data-e-type=\"container\">\n\t\t\t\t\t<div class=\"e-con-inner\">\n\t\t<div class=\"elementor-element elementor-element-3544f8f e-con-full e-flex e-con e-parent\" data-id=\"3544f8f\" data-element_type=\"container\" data-e-type=\"container\" data-settings=\"{&quot;background_background&quot;:&quot;classic&quot;}\">\n\t\t\t\t<div class=\"elementor-element elementor-element-1023992 elementor-widget elementor-widget-heading\" data-id=\"1023992\" data-element_type=\"widget\" data-e-type=\"widget\" data-widget_type=\"heading.default\">\n\t\t\t\t\t<h3 class=\"elementor-heading-title elementor-size-default\">\u00bfQu\u00e9 es MUNTIME?<\/h3>\t\t\t\t<\/div>\n\t\t\t\t<div class=\"elementor-element elementor-element-c7fa7a8 elementor-widget elementor-widget-text-editor\" data-id=\"c7fa7a8\" data-element_type=\"widget\" data-e-type=\"widget\" data-widget_type=\"text-editor.default\">\n\t\t\t\t\t\t\t\t\t<p>MUNTIME es una plataforma web orientada al control horario y a la gesti\u00f3n diaria del empleado.<\/p>\t\t\t\t\t\t\t\t<\/div>\n\t\t\t\t<\/div>\n\t\t<div class=\"elementor-element elementor-element-f6c080e e-con-full e-flex e-con e-parent\" data-id=\"f6c080e\" data-element_type=\"container\" data-e-type=\"container\" data-settings=\"{&quot;background_background&quot;:&quot;classic&quot;}\">\n\t\t\t\t<div class=\"elementor-element elementor-element-7631a93 elementor-widget elementor-widget-heading\" data-id=\"7631a93\" data-element_type=\"widget\" data-e-type=\"widget\" data-widget_type=\"heading.default\">\n\t\t\t\t\t<h3 class=\"elementor-heading-title elementor-size-default\">\u00bfMUNTIME solo sirve para fichajes?<\/h3>\t\t\t\t<\/div>\n\t\t\t\t<div class=\"elementor-element elementor-element-93bf81f elementor-widget elementor-widget-text-editor\" data-id=\"93bf81f\" data-element_type=\"widget\" data-e-type=\"widget\" data-widget_type=\"text-editor.default\">\n\t\t\t\t\t\t\t\t\t<p>No. Tambi\u00e9n ofrece herramientas de apoyo para RRHH y organizaci\u00f3n operativa.<\/p>\t\t\t\t\t\t\t\t<\/div>\n\t\t\t\t<\/div>\n\t\t<div class=\"elementor-element elementor-element-b0d139d e-con-full e-flex e-con e-parent\" data-id=\"b0d139d\" data-element_type=\"container\" data-e-type=\"container\" data-settings=\"{&quot;background_background&quot;:&quot;classic&quot;}\">\n\t\t\t\t<div class=\"elementor-element elementor-element-3f4bbb4 elementor-widget elementor-widget-heading\" data-id=\"3f4bbb4\" data-element_type=\"widget\" data-e-type=\"widget\" data-widget_type=\"heading.default\">\n\t\t\t\t\t<h3 class=\"elementor-heading-title elementor-size-default\">\u00bfLos empleados tienen acceso a su propia \u00e1rea?<\/h3>\t\t\t\t<\/div>\n\t\t\t\t<div class=\"elementor-element elementor-element-ddd81d5 elementor-widget elementor-widget-text-editor\" data-id=\"ddd81d5\" data-element_type=\"widget\" data-e-type=\"widget\" data-widget_type=\"text-editor.default\">\n\t\t\t\t\t\t\t\t\t<p>S\u00ed. MUNTIME incluye un portal del empleado donde cada trabajador puede consultar fichajes, solicitudes, vacaciones y documentos.<\/p>\t\t\t\t\t\t\t\t<\/div>\n\t\t\t\t<\/div>\n\t\t\t\t\t<\/div>\n\t\t\t\t<\/div>\n\t\t\t\t<\/div>\n\t\t","protected":false},"excerpt":{"rendered":"<p>Inicio \/ FAQ Preguntas frecuentes Resolvemos las dudas m\u00e1s habituales para que puedas entender r\u00e1pidamente c\u00f3mo encaja MUNTIME en tu empresa. \u00bfQu\u00e9 es MUNTIME? MUNTIME es una plataforma web orientada al control horario y a la gesti\u00f3n diaria del empleado. \u00bfMUNTIME solo sirve para fichajes? No. Tambi\u00e9n ofrece herramientas de apoyo para RRHH y organizaci\u00f3n [&hellip;]<\/p>\n","protected":false},"author":1,"featured_media":0,"parent":0,"menu_order":0,"comment_status":"closed","ping_status":"closed","template":"template-faq.php","meta":{"footnotes":""},"class_list":["post-15071","page","type-page","status-publish","hentry"],"yoast_head":"<!-- This site is optimized with the Yoast SEO plugin v27.3 - https:\/\/yoast.com\/product\/yoast-seo-wordpress\/ -->\n<title>FAQ - Muntime<\/title>\n<meta name=\"robots\" content=\"index, follow, max-snippet:-1, max-image-preview:large, max-video-preview:-1\" \/>\n<link rel=\"canonical\" href=\"https:\/\/muntime.muninfor.com\/index.php\/faq\/\" \/>\n<meta property=\"og:locale\" content=\"es_ES\" \/>\n<meta property=\"og:type\" content=\"article\" \/>\n<meta property=\"og:title\" content=\"FAQ - Muntime\" \/>\n<meta property=\"og:description\" content=\"Inicio \/ FAQ Preguntas frecuentes Resolvemos las dudas m\u00e1s habituales para que puedas entender r\u00e1pidamente c\u00f3mo encaja MUNTIME en tu empresa. \u00bfQu\u00e9 es MUNTIME? MUNTIME es una plataforma web orientada al control horario y a la gesti\u00f3n diaria del empleado. \u00bfMUNTIME solo sirve para fichajes? No. Tambi\u00e9n ofrece herramientas de apoyo para RRHH y organizaci\u00f3n [&hellip;]\" \/>\n<meta property=\"og:url\" content=\"https:\/\/muntime.muninfor.com\/index.php\/faq\/\" \/>\n<meta property=\"og:site_name\" content=\"Muntime\" \/>\n<meta property=\"article:modified_time\" content=\"2026-04-13T15:41:29+00:00\" \/>\n<meta name=\"twitter:card\" content=\"summary_large_image\" \/>\n<script type=\"application\/ld+json\" class=\"yoast-schema-graph\">{\"@context\":\"https:\\\/\\\/schema.org\",\"@graph\":[{\"@type\":\"WebPage\",\"@id\":\"https:\\\/\\\/muntime.muninfor.com\\\/index.php\\\/faq\\\/\",\"url\":\"https:\\\/\\\/muntime.muninfor.com\\\/index.php\\\/faq\\\/\",\"name\":\"FAQ - Muntime\",\"isPartOf\":{\"@id\":\"https:\\\/\\\/muntime.muninfor.com\\\/#website\"},\"datePublished\":\"2026-04-13T15:25:09+00:00\",\"dateModified\":\"2026-04-13T15:41:29+00:00\",\"breadcrumb\":{\"@id\":\"https:\\\/\\\/muntime.muninfor.com\\\/index.php\\\/faq\\\/#breadcrumb\"},\"inLanguage\":\"es\",\"potentialAction\":[{\"@type\":\"ReadAction\",\"target\":[\"https:\\\/\\\/muntime.muninfor.com\\\/index.php\\\/faq\\\/\"]}]},{\"@type\":\"BreadcrumbList\",\"@id\":\"https:\\\/\\\/muntime.muninfor.com\\\/index.php\\\/faq\\\/#breadcrumb\",\"itemListElement\":[{\"@type\":\"ListItem\",\"position\":1,\"name\":\"Portada\",\"item\":\"https:\\\/\\\/muntime.muninfor.com\\\/\"},{\"@type\":\"ListItem\",\"position\":2,\"name\":\"FAQ\"}]},{\"@type\":\"WebSite\",\"@id\":\"https:\\\/\\\/muntime.muninfor.com\\\/#website\",\"url\":\"https:\\\/\\\/muntime.muninfor.com\\\/\",\"name\":\"Muntime\",\"description\":\"\",\"potentialAction\":[{\"@type\":\"SearchAction\",\"target\":{\"@type\":\"EntryPoint\",\"urlTemplate\":\"https:\\\/\\\/muntime.muninfor.com\\\/?s={search_term_string}\"},\"query-input\":{\"@type\":\"PropertyValueSpecification\",\"valueRequired\":true,\"valueName\":\"search_term_string\"}}],\"inLanguage\":\"es\"}]}<\/script>\n<!-- \/ Yoast SEO plugin. -->","yoast_head_json":{"title":"FAQ - Muntime","robots":{"index":"index","follow":"follow","max-snippet":"max-snippet:-1","max-image-preview":"max-image-preview:large","max-video-preview":"max-video-preview:-1"},"canonical":"https:\/\/muntime.muninfor.com\/index.php\/faq\/","og_locale":"es_ES","og_type":"article","og_title":"FAQ - Muntime","og_description":"Inicio \/ FAQ Preguntas frecuentes Resolvemos las dudas m\u00e1s habituales para que puedas entender r\u00e1pidamente c\u00f3mo encaja MUNTIME en tu empresa. \u00bfQu\u00e9 es MUNTIME? MUNTIME es una plataforma web orientada al control horario y a la gesti\u00f3n diaria del empleado. \u00bfMUNTIME solo sirve para fichajes? No. Tambi\u00e9n ofrece herramientas de apoyo para RRHH y organizaci\u00f3n [&hellip;]","og_url":"https:\/\/muntime.muninfor.com\/index.php\/faq\/","og_site_name":"Muntime","article_modified_time":"2026-04-13T15:41:29+00:00","twitter_card":"summary_large_image","schema":{"@context":"https:\/\/schema.org","@graph":[{"@type":"WebPage","@id":"https:\/\/muntime.muninfor.com\/index.php\/faq\/","url":"https:\/\/muntime.muninfor.com\/index.php\/faq\/","name":"FAQ - Muntime","isPartOf":{"@id":"https:\/\/muntime.muninfor.com\/#website"},"datePublished":"2026-04-13T15:25:09+00:00","dateModified":"2026-04-13T15:41:29+00:00","breadcrumb":{"@id":"https:\/\/muntime.muninfor.com\/index.php\/faq\/#breadcrumb"},"inLanguage":"es","potentialAction":[{"@type":"ReadAction","target":["https:\/\/muntime.muninfor.com\/index.php\/faq\/"]}]},{"@type":"BreadcrumbList","@id":"https:\/\/muntime.muninfor.com\/index.php\/faq\/#breadcrumb","itemListElement":[{"@type":"ListItem","position":1,"name":"Portada","item":"https:\/\/muntime.muninfor.com\/"},{"@type":"ListItem","position":2,"name":"FAQ"}]},{"@type":"WebSite","@id":"https:\/\/muntime.muninfor.com\/#website","url":"https:\/\/muntime.muninfor.com\/","name":"Muntime","description":"","potentialAction":[{"@type":"SearchAction","target":{"@type":"EntryPoint","urlTemplate":"https:\/\/muntime.muninfor.com\/?s={search_term_string}"},"query-input":{"@type":"PropertyValueSpecification","valueRequired":true,"valueName":"search_term_string"}}],"inLanguage":"es"}]}},"_links":{"self":[{"href":"https:\/\/muntime.muninfor.com\/index.php\/wp-json\/wp\/v2\/pages\/15071","targetHints":{"allow":["GET"]}}],"collection":[{"href":"https:\/\/muntime.muninfor.com\/index.php\/wp-json\/wp\/v2\/pages"}],"about":[{"href":"https:\/\/muntime.muninfor.com\/index.php\/wp-json\/wp\/v2\/types\/page"}],"author":[{"embeddable":true,"href":"https:\/\/muntime.muninfor.com\/index.php\/wp-json\/wp\/v2\/users\/1"}],"replies":[{"embeddable":true,"href":"https:\/\/muntime.muninfor.com\/index.php\/wp-json\/wp\/v2\/comments?post=15071"}],"version-history":[{"count":1,"href":"https:\/\/muntime.muninfor.com\/index.php\/wp-json\/wp\/v2\/pages\/15071\/revisions"}],"predecessor-version":[{"id":15091,"href":"https:\/\/muntime.muninfor.com\/index.php\/wp-json\/wp\/v2\/pages\/15071\/revisions\/15091"}],"wp:attachment":[{"href":"https:\/\/muntime.muninfor.com\/index.php\/wp-json\/wp\/v2\/media?parent=15071"}],"curies":[{"name":"wp","href":"https:\/\/api.w.org\/{rel}","templated":true}]}}